{"id":3,"date":"2024-04-22T19:41:06","date_gmt":"2024-04-22T19:41:06","guid":{"rendered":"https:\/\/www.melroseapartman.sk\/?page_id=3"},"modified":"2024-08-02T11:56:55","modified_gmt":"2024-08-02T11:56:55","slug":"privacy-policy","status":"publish","type":"page","link":"https:\/\/www.melroseapartman.sk\/en\/privacy-policy\/","title":{"rendered":"Z\u00e1sady ochrany osobn\u00fdch \u00fadajovPrivacy Policy"},"content":{"rendered":"<div data-elementor-type=\"wp-page\" data-elementor-id=\"3\" class=\"elementor elementor-3\">\n\t\t\t\t<div class=\"elementor-element elementor-element-14f4816c e-flex e-con-boxed e-con e-parent\" data-id=\"14f4816c\" data-element_type=\"container\">\n\t\t\t\t\t<div class=\"e-con-inner\">\n\t\t\t\t<div class=\"elementor-element elementor-element-1ca17e35 elementor-widget elementor-widget-text-editor\" data-id=\"1ca17e35\" data-element_type=\"widget\" data-widget_type=\"text-editor.default\">\n\t\t\t\t<div class=\"elementor-widget-container\">\n\t\t\t<style>\/*! elementor - v3.21.0 - 08-05-2024 *\/\n.elementor-widget-text-editor.elementor-drop-cap-view-stacked .elementor-drop-cap{background-color:#69727d;color:#fff}.elementor-widget-text-editor.elementor-drop-cap-view-framed .elementor-drop-cap{color:#69727d;border:3px solid;background-color:transparent}.elementor-widget-text-editor:not(.elementor-drop-cap-view-default) .elementor-drop-cap{margin-top:8px}.elementor-widget-text-editor:not(.elementor-drop-cap-view-default) .elementor-drop-cap-letter{width:1em;height:1em}.elementor-widget-text-editor .elementor-drop-cap{float:left;text-align:center;line-height:1;font-size:50px}.elementor-widget-text-editor .elementor-drop-cap-letter{display:inline-block}<\/style>\t\t\t\t<p><!-- wp:heading --><\/p>\n<h2 style=\"text-align: center;\">Personal data protection policy<\/h2>\n<p>\u00a0<\/p>\n<p style=\"text-align: center;\">ERIS s.r.o.<\/p>\n<p style=\"text-align: center;\">Betliarska 12,851 07 Bratislava 5<\/p>\n<p style=\"text-align: center;\">I\u010cO: 36 762 946, DI\u010c: SK2022372429<\/p>\n<p style=\"text-align: center;\"><strong>(hereinafter: \"Administrator\")<\/strong><\/p>\n<p>\u00a0<\/p>\n<h5>BASIC PROVISIONS AND DEFINITIONS<\/h5>\n<p><!-- \/wp:heading --><!-- wp:paragraph --><\/p>\n<p><strong>a.)<\/strong> The processing of personal data is governed by Act No. 18\/2018 Coll. on the Protection of Personal Data and on Amendments and Supplements to Certain Acts and is in accordance with the Regulation of the European Parliament and the EU Council 2016\/679 on the protection of natural persons in connection with the processing of personal data and free movement of such data (hereinafter: \"GDPR\").<\/p>\n<p><strong>b.)<\/strong> Additional definitions:<\/p>\n<p><strong>Personal data<\/strong> \u2013 all information about an identified or identifiable natural person through one or more specific factors determining the physical, physiological, genetic, mental, economic, cultural or social identity of a natural person, including device IP number, location data, Internet identifier and information collected through files cookies and other similar technologies.<\/p>\n<p><strong>c.)<\/strong> Administrator contact details:<\/p>\n<p>\u2022\u00a0 <strong>address:<\/strong> Betliarska 12,851 07 Bratislava 5<\/p>\n<p>\u2022\u00a0 <strong>e-mail: <\/strong>recepcia@melroseapartman.sk<\/p>\n<p>\u00a0<\/p>\n<p><!-- \/wp:paragraph --><!-- wp:heading --><\/p>\n<h5>PERSONAL DATA PROCESSING<\/h5>\n<p><!-- \/wp:heading --><!-- wp:paragraph --><\/p>\n<p><strong>a.)<\/strong> The administrator processes the personal data you provided when filling out the reservation form on the website www.melroseapartman.sk based on your interest in one or more of its services.<\/p>\n<p><strong>b.)<\/strong> Personal data processed:<br \/>\u2022 First name and surname<br \/>\u2022 E-mail address<br \/>\u2022 Phone number<br \/>\u2022 Other data provided through the form<\/p>\n<p><strong>c.)<\/strong> The processor of personal data is exclusively the person of the administrator.<\/p>\n<p><strong>d.)<\/strong> The purpose of personal data processing is to provide a price offer for the services provided by the administrator and further communication in connection with the expressed interest in the services of the administrator.<\/p>\n<p><strong>e.)<\/strong> The administrator stores personal data for the period of withdrawal of consent to the processing of personal data. Personal data is stored in a secure administrator account and a secure administrator email address.<\/p>\n<p>\u00a0<\/p>\n<p><!-- \/wp:paragraph --><!-- wp:heading --><\/p>\n<h5>RIGHTS RELATED TO THE PROCESSING OF PERSONAL DATA<\/h5>\n<p><!-- \/wp:heading --><!-- wp:paragraph --><\/p>\n<p><strong>a.)<\/strong> Under the conditions stipulated in the GDRP, you have the right to:<\/p>\n<p>\u2022 access to your personal data<br \/>\u2022 correction of personal data<br \/>\u2022 deletion of personal data<br \/>\u2022 restriction of personal data processing<br \/>\u2022 data transfer<br \/>\u2022 object to marketing or other purposes of personal data processing<br \/>\u2022 withdraw consent<\/p>\n<p>\u00a0<\/p>\n<h5>WITHDRAWAL OF CONSENT TO THE PROCESSING OF PERSONAL DATA<\/h5>\n<p><strong>a.)<\/strong> It is possible to request the withdrawal of consent to the processing of personal data at any time in writing via post or electronically via an e-mail address to the contact details of the administrator listed above.<\/p>\n<p>\u00a0<\/p>\n<h5>SECURITY IN CONNECTION WITH THE PROCESSING OF PERSONAL DATA<\/h5>\n<p><strong>a.)<\/strong> The administrator declares that he has taken all appropriate measures to ensure the protection of personal data.<\/p>\n<p><strong>b.)<\/strong> By agreeing to the processing of personal data, you acknowledge that personal data are transmitted via the Internet. The administrator is not responsible for damages in case of misuse of personal data by other persons in case of misuse through such transfer of personal data.<\/p>\n<p>\u00a0<\/p>\n<p>By submitting the reservation form on the website www.melroseapartman.sk, you express your voluntary consent to the processing of personal data in accordance with the points mentioned above. You give your consent to the processing of personal data for as long as the purpose of processing personal data lasts or until you withdraw your consent. By submitting the reservation form, you confirm that you have been informed of your rights.<\/p>\n<p>\u00a0<\/p>\n<p>The current version of the policy was adopted with effect from 23.4.2024.<\/p>\n<p><!-- \/wp:paragraph --><!-- wp:heading --><\/p>\n<p>\u00a0<\/p>\n<p><!-- \/wp:paragraph --><\/p>\t\t\t\t\t\t<\/div>\n\t\t\t\t<\/div>\n\t\t\t\t\t<\/div>\n\t\t\t\t<\/div>\n\t\t\t\t<\/div>","protected":false},"excerpt":{"rendered":"<p>Z\u00e1sady ochrany osobn\u00fdch \u00fadajov \u00a0 ERIS s.r.o. Betliarska 12,851 07 Bratislava 5 I\u010cO: 36 762 946, DI\u010c: SK2022372429 (\u010falej len: \u201eSpr\u00e1vca\u201c) \u00a0 Z\u00c1KLADN\u00c9 USTANOVENIA A DEFIN\u00cdCIE a.) Spracov\u00e1vanie osobn\u00fdch \u00fadajov sa riadi Z\u00e1konom \u010d.18\/2018 Z.z. o ochrane osobn\u00fdch \u00fadajov a o zmene a doplnen\u00ed niektor\u00fdch z\u00e1konov a je v s\u00falade s nariaden\u00edm Eur\u00f3pskeho parlamentu a [&hellip;]<\/p>","protected":false},"author":1,"featured_media":0,"parent":0,"menu_order":0,"comment_status":"closed","ping_status":"open","template":"","meta":{"site-sidebar-layout":"default","site-content-layout":"","ast-site-content-layout":"default","site-content-style":"default","site-sidebar-style":"default","ast-global-header-display":"","ast-banner-title-visibility":"","ast-main-header-display":"","ast-hfb-above-header-display":"","ast-hfb-below-header-display":"","ast-hfb-mobile-header-display":"","site-post-title":"disabled","ast-breadcrumbs-content":"","ast-featured-img":"","footer-sml-layout":"","theme-transparent-header-meta":"","adv-header-id-meta":"","stick-header-meta":"","header-above-stick-meta":"","header-main-stick-meta":"","header-below-stick-meta":"","astra-migrate-meta-layouts":"set","ast-page-background-enabled":"default","ast-page-background-meta":{"desktop":{"background-color":"","background-image":"","background-repeat":"repeat","background-position":"center center","background-size":"auto","background-attachment":"scroll","background-type":"","background-media":"","overlay-type":"","overlay-color":"","overlay-gradient":""},"tablet":{"background-color":"","background-image":"","background-repeat":"repeat","background-position":"center center","background-size":"auto","background-attachment":"scroll","background-type":"","background-media":"","overlay-type":"","overlay-color":"","overlay-gradient":""},"mobile":{"background-color":"","background-image":"","background-repeat":"repeat","background-position":"center center","background-size":"auto","background-attachment":"scroll","background-type":"","background-media":"","overlay-type":"","overlay-color":"","overlay-gradient":""}},"ast-content-background-meta":{"desktop":{"background-color":"var(--ast-global-color-5)","background-image":"","background-repeat":"repeat","background-position":"center center","background-size":"auto","background-attachment":"scroll","background-type":"","background-media":"","overlay-type":"","overlay-color":"","overlay-gradient":""},"tablet":{"background-color":"var(--ast-global-color-5)","background-image":"","background-repeat":"repeat","background-position":"center center","background-size":"auto","background-attachment":"scroll","background-type":"","background-media":"","overlay-type":"","overlay-color":"","overlay-gradient":""},"mobile":{"background-color":"var(--ast-global-color-5)","background-image":"","background-repeat":"repeat","background-position":"center center","background-size":"auto","background-attachment":"scroll","background-type":"","background-media":"","overlay-type":"","overlay-color":"","overlay-gradient":""}},"footnotes":""},"class_list":["post-3","page","type-page","status-publish","hentry"],"yoast_head":"<!-- This site is optimized with the Yoast SEO plugin v23.5 - https:\/\/yoast.com\/wordpress\/plugins\/seo\/ -->\n<title>Apartm\u00e1ny MELROSE - Ubytovanie v Bratislave - Z\u00e1sady ochrany osobn\u00fdch \u00fadajov<\/title>\n<meta name=\"description\" content=\"Apartm\u00e1ny MELROSE - Ubytovanie v Bratislave - Z\u00e1sady ochrany osobn\u00fdch \u00fadajov\" \/>\n<meta name=\"robots\" content=\"index, follow, max-snippet:-1, max-image-preview:large, max-video-preview:-1\" \/>\n<link rel=\"canonical\" href=\"https:\/\/www.melroseapartman.sk\/en\/privacy-policy\/\" \/>\n<meta property=\"og:locale\" content=\"en_GB\" \/>\n<meta property=\"og:type\" content=\"article\" \/>\n<meta property=\"og:title\" content=\"Apartm\u00e1ny MELROSE - Ubytovanie v Bratislave - Z\u00e1sady ochrany osobn\u00fdch \u00fadajov\" \/>\n<meta property=\"og:description\" content=\"Apartm\u00e1ny MELROSE - Ubytovanie v Bratislave - Z\u00e1sady ochrany osobn\u00fdch \u00fadajov\" \/>\n<meta property=\"og:url\" content=\"https:\/\/www.melroseapartman.sk\/en\/privacy-policy\/\" \/>\n<meta property=\"og:site_name\" content=\"Apartm\u00e1ny MELROSE - Ubytovanie v Bratislave\" \/>\n<meta property=\"article:modified_time\" content=\"2024-08-02T11:56:55+00:00\" \/>\n<meta name=\"twitter:card\" content=\"summary_large_image\" \/>\n<meta name=\"twitter:label1\" content=\"Estimated reading time\" \/>\n\t<meta name=\"twitter:data1\" content=\"3 minutes\" \/>\n<script type=\"application\/ld+json\" class=\"yoast-schema-graph\">{\"@context\":\"https:\/\/schema.org\",\"@graph\":[{\"@type\":\"WebPage\",\"@id\":\"https:\/\/www.melroseapartman.sk\/privacy-policy\/\",\"url\":\"https:\/\/www.melroseapartman.sk\/privacy-policy\/\",\"name\":\"Apartm\u00e1ny MELROSE - Ubytovanie v Bratislave - Z\u00e1sady ochrany osobn\u00fdch \u00fadajov\",\"isPartOf\":{\"@id\":\"https:\/\/www.melroseapartman.sk\/#website\"},\"datePublished\":\"2024-04-22T19:41:06+00:00\",\"dateModified\":\"2024-08-02T11:56:55+00:00\",\"description\":\"Apartm\u00e1ny MELROSE - Ubytovanie v Bratislave - Z\u00e1sady ochrany osobn\u00fdch \u00fadajov\",\"breadcrumb\":{\"@id\":\"https:\/\/www.melroseapartman.sk\/privacy-policy\/#breadcrumb\"},\"inLanguage\":\"en-GB\",\"potentialAction\":[{\"@type\":\"ReadAction\",\"target\":[\"https:\/\/www.melroseapartman.sk\/privacy-policy\/\"]}]},{\"@type\":\"BreadcrumbList\",\"@id\":\"https:\/\/www.melroseapartman.sk\/privacy-policy\/#breadcrumb\",\"itemListElement\":[{\"@type\":\"ListItem\",\"position\":1,\"name\":\"Domovsk\u00e1 str\u00e1nka\",\"item\":\"https:\/\/www.melroseapartman.sk\/\"},{\"@type\":\"ListItem\",\"position\":2,\"name\":\"Z\u00e1sady ochrany osobn\u00fdch \u00fadajovPrivacy Policy\"}]},{\"@type\":\"WebSite\",\"@id\":\"https:\/\/www.melroseapartman.sk\/#website\",\"url\":\"https:\/\/www.melroseapartman.sk\/\",\"name\":\"Apartm\u00e1ny MELROSE - Ubytovanie v Bratislave\",\"description\":\"\",\"publisher\":{\"@id\":\"https:\/\/www.melroseapartman.sk\/#organization\"},\"potentialAction\":[{\"@type\":\"SearchAction\",\"target\":{\"@type\":\"EntryPoint\",\"urlTemplate\":\"https:\/\/www.melroseapartman.sk\/?s={search_term_string}\"},\"query-input\":{\"@type\":\"PropertyValueSpecification\",\"valueRequired\":true,\"valueName\":\"search_term_string\"}}],\"inLanguage\":\"en-GB\"},{\"@type\":\"Organization\",\"@id\":\"https:\/\/www.melroseapartman.sk\/#organization\",\"name\":\"Apartm\u00e1ny MELROSE - Ubytovanie v Bratislave\",\"url\":\"https:\/\/www.melroseapartman.sk\/\",\"logo\":{\"@type\":\"ImageObject\",\"inLanguage\":\"en-GB\",\"@id\":\"https:\/\/www.melroseapartman.sk\/#\/schema\/logo\/image\/\",\"url\":\"https:\/\/www.melroseapartman.sk\/wp-content\/uploads\/2024\/04\/main_logo3.png\",\"contentUrl\":\"https:\/\/www.melroseapartman.sk\/wp-content\/uploads\/2024\/04\/main_logo3.png\",\"width\":360,\"height\":115,\"caption\":\"Apartm\u00e1ny MELROSE - Ubytovanie v Bratislave\"},\"image\":{\"@id\":\"https:\/\/www.melroseapartman.sk\/#\/schema\/logo\/image\/\"}}]}<\/script>\n<!-- \/ Yoast SEO plugin. -->","yoast_head_json":{"title":"Apartm\u00e1ny MELROSE - Ubytovanie v Bratislave - Z\u00e1sady ochrany osobn\u00fdch \u00fadajov","description":"Apartm\u00e1ny MELROSE - Ubytovanie v Bratislave - Z\u00e1sady ochrany osobn\u00fdch \u00fadajov","robots":{"index":"index","follow":"follow","max-snippet":"max-snippet:-1","max-image-preview":"max-image-preview:large","max-video-preview":"max-video-preview:-1"},"canonical":"https:\/\/www.melroseapartman.sk\/en\/privacy-policy\/","og_locale":"en_GB","og_type":"article","og_title":"Apartm\u00e1ny MELROSE - Ubytovanie v Bratislave - Z\u00e1sady ochrany osobn\u00fdch \u00fadajov","og_description":"Apartm\u00e1ny MELROSE - Ubytovanie v Bratislave - Z\u00e1sady ochrany osobn\u00fdch \u00fadajov","og_url":"https:\/\/www.melroseapartman.sk\/en\/privacy-policy\/","og_site_name":"Apartm\u00e1ny MELROSE - Ubytovanie v Bratislave","article_modified_time":"2024-08-02T11:56:55+00:00","twitter_card":"summary_large_image","twitter_misc":{"Estimated reading time":"3 minutes"},"schema":{"@context":"https:\/\/schema.org","@graph":[{"@type":"WebPage","@id":"https:\/\/www.melroseapartman.sk\/privacy-policy\/","url":"https:\/\/www.melroseapartman.sk\/privacy-policy\/","name":"Apartm\u00e1ny MELROSE - Ubytovanie v Bratislave - Z\u00e1sady ochrany osobn\u00fdch \u00fadajov","isPartOf":{"@id":"https:\/\/www.melroseapartman.sk\/#website"},"datePublished":"2024-04-22T19:41:06+00:00","dateModified":"2024-08-02T11:56:55+00:00","description":"Apartm\u00e1ny MELROSE - Ubytovanie v Bratislave - Z\u00e1sady ochrany osobn\u00fdch \u00fadajov","breadcrumb":{"@id":"https:\/\/www.melroseapartman.sk\/privacy-policy\/#breadcrumb"},"inLanguage":"en-GB","potentialAction":[{"@type":"ReadAction","target":["https:\/\/www.melroseapartman.sk\/privacy-policy\/"]}]},{"@type":"BreadcrumbList","@id":"https:\/\/www.melroseapartman.sk\/privacy-policy\/#breadcrumb","itemListElement":[{"@type":"ListItem","position":1,"name":"Domovsk\u00e1 str\u00e1nka","item":"https:\/\/www.melroseapartman.sk\/"},{"@type":"ListItem","position":2,"name":"Z\u00e1sady ochrany osobn\u00fdch \u00fadajovPrivacy Policy"}]},{"@type":"WebSite","@id":"https:\/\/www.melroseapartman.sk\/#website","url":"https:\/\/www.melroseapartman.sk\/","name":"Apartm\u00e1ny MELROSE - Ubytovanie v Bratislave","description":"","publisher":{"@id":"https:\/\/www.melroseapartman.sk\/#organization"},"potentialAction":[{"@type":"SearchAction","target":{"@type":"EntryPoint","urlTemplate":"https:\/\/www.melroseapartman.sk\/?s={search_term_string}"},"query-input":{"@type":"PropertyValueSpecification","valueRequired":true,"valueName":"search_term_string"}}],"inLanguage":"en-GB"},{"@type":"Organization","@id":"https:\/\/www.melroseapartman.sk\/#organization","name":"Apartm\u00e1ny MELROSE - Ubytovanie v Bratislave","url":"https:\/\/www.melroseapartman.sk\/","logo":{"@type":"ImageObject","inLanguage":"en-GB","@id":"https:\/\/www.melroseapartman.sk\/#\/schema\/logo\/image\/","url":"https:\/\/www.melroseapartman.sk\/wp-content\/uploads\/2024\/04\/main_logo3.png","contentUrl":"https:\/\/www.melroseapartman.sk\/wp-content\/uploads\/2024\/04\/main_logo3.png","width":360,"height":115,"caption":"Apartm\u00e1ny MELROSE - Ubytovanie v Bratislave"},"image":{"@id":"https:\/\/www.melroseapartman.sk\/#\/schema\/logo\/image\/"}}]}},"_links":{"self":[{"href":"https:\/\/www.melroseapartman.sk\/en\/wp-json\/wp\/v2\/pages\/3","targetHints":{"allow":["GET"]}}],"collection":[{"href":"https:\/\/www.melroseapartman.sk\/en\/wp-json\/wp\/v2\/pages"}],"about":[{"href":"https:\/\/www.melroseapartman.sk\/en\/wp-json\/wp\/v2\/types\/page"}],"author":[{"embeddable":true,"href":"https:\/\/www.melroseapartman.sk\/en\/wp-json\/wp\/v2\/users\/1"}],"replies":[{"embeddable":true,"href":"https:\/\/www.melroseapartman.sk\/en\/wp-json\/wp\/v2\/comments?post=3"}],"version-history":[{"count":34,"href":"https:\/\/www.melroseapartman.sk\/en\/wp-json\/wp\/v2\/pages\/3\/revisions"}],"predecessor-version":[{"id":1069,"href":"https:\/\/www.melroseapartman.sk\/en\/wp-json\/wp\/v2\/pages\/3\/revisions\/1069"}],"wp:attachment":[{"href":"https:\/\/www.melroseapartman.sk\/en\/wp-json\/wp\/v2\/media?parent=3"}],"curies":[{"name":"wp","href":"https:\/\/api.w.org\/{rel}","templated":true}]}}